{"id":51,"date":"2020-05-01T17:24:14","date_gmt":"2020-05-01T17:24:14","guid":{"rendered":"http:\/\/tcstemwederberg.de\/?page_id=51"},"modified":"2025-05-05T17:47:54","modified_gmt":"2025-05-05T17:47:54","slug":"start","status":"publish","type":"page","link":"https:\/\/tcstemwederberg.de\/?page_id=51","title":{"rendered":"Start"},"content":{"rendered":"<p><img loading=\"lazy\" decoding=\"async\" class=\"alignnone size-full wp-image-7 alignleft\" src=\"http:\/\/tcstemwederberg.de\/wp-content\/uploads\/2018\/05\/max_serve_small-spiel-tennis1.jpg\" alt=\"\" width=\"100\" height=\"156\" \/><\/p>\n<p>Willkommen auf der Seite des TC Stemweder Berg. Hier erwarten Sie einige wenige Informationen zum Verein. Der Umfang wurde aufgrund der ge\u00e4nderterten Rechtslage stark verringert.<\/p>\n<p>Liebe Tennisfreunde\/innen,<\/p>\n<p>der Spielbetrieb ist wieder ohne gr\u00f6\u00dfere Einschr\u00e4nkungen m\u00f6glich, dabei gilt: Eigenverantwortlichkeit \u00fcbernehmen &#8211; Sich selbst und andere m\u00f6glichst keiner unangemessener Infektionsgefahr aussetzen!<\/p>\n<p><a href=\"\/Corona-Richtlinien.pdf\">Richtlinien f\u00fcr das Tennisspielen im Verein<\/a><\/p>\n<p><a href=\"\/Aufnahmeantrag-mit-Datenschutzerklaerung.pdf\">Aufnahmeantrag<\/a><br \/>\n<a href=\"\/Sommerpass.pdf\">Aktion Sommerpass<\/a><\/p>\n<p><img loading=\"lazy\" decoding=\"async\" class=\"size-medium wp-image-13 alignright\" src=\"http:\/\/tcstemwederberg.de\/wp-content\/uploads\/2016\/05\/comic1-300x155.jpg\" alt=\"\" width=\"300\" height=\"155\" srcset=\"https:\/\/tcstemwederberg.de\/wp-content\/uploads\/2016\/05\/comic1-300x155.jpg 300w, https:\/\/tcstemwederberg.de\/wp-content\/uploads\/2016\/05\/comic1.jpg 487w\" sizes=\"auto, (max-width: 300px) 100vw, 300px\" \/><\/p>\n","protected":false},"excerpt":{"rendered":"<p>Willkommen auf der Seite des TC Stemweder Berg. Hier erwarten Sie einige wenige Informationen zum Verein. Der Umfang wurde aufgrund der ge\u00e4nderterten Rechtslage stark verringert. Liebe Tennisfreunde\/innen, der Spielbetrieb ist wieder ohne gr\u00f6\u00dfere Einschr\u00e4nkungen m\u00f6glich, dabei gilt: Eigenverantwortlichkeit \u00fcbernehmen &#8211; Sich selbst und andere m\u00f6glichst keiner unangemessener Infektionsgefahr aussetzen! Richtlinien f\u00fcr das Tennisspielen im Verein &hellip; <a href=\"https:\/\/tcstemwederberg.de\/?page_id=51\" class=\"more-link\"><span class=\"screen-reader-text\">Start<\/span> weiterlesen<\/a><\/p>\n","protected":false},"author":1,"featured_media":0,"parent":0,"menu_order":0,"comment_status":"closed","ping_status":"closed","template":"","meta":{"footnotes":""},"class_list":["post-51","page","type-page","status-publish","hentry"],"_links":{"self":[{"href":"https:\/\/tcstemwederberg.de\/index.php?rest_route=\/wp\/v2\/pages\/51","targetHints":{"allow":["GET"]}}],"collection":[{"href":"https:\/\/tcstemwederberg.de\/index.php?rest_route=\/wp\/v2\/pages"}],"about":[{"href":"https:\/\/tcstemwederberg.de\/index.php?rest_route=\/wp\/v2\/types\/page"}],"author":[{"embeddable":true,"href":"https:\/\/tcstemwederberg.de\/index.php?rest_route=\/wp\/v2\/users\/1"}],"replies":[{"embeddable":true,"href":"https:\/\/tcstemwederberg.de\/index.php?rest_route=%2Fwp%2Fv2%2Fcomments&post=51"}],"version-history":[{"count":13,"href":"https:\/\/tcstemwederberg.de\/index.php?rest_route=\/wp\/v2\/pages\/51\/revisions"}],"predecessor-version":[{"id":137,"href":"https:\/\/tcstemwederberg.de\/index.php?rest_route=\/wp\/v2\/pages\/51\/revisions\/137"}],"wp:attachment":[{"href":"https:\/\/tcstemwederberg.de\/index.php?rest_route=%2Fwp%2Fv2%2Fmedia&parent=51"}],"curies":[{"name":"wp","href":"https:\/\/api.w.org\/{rel}","templated":true}]}}